{"id":1909,"date":"2025-03-05T13:50:59","date_gmt":"2025-03-05T13:50:59","guid":{"rendered":"http:\/\/cloop.ch\/?page_id=1909"},"modified":"2025-03-05T13:55:15","modified_gmt":"2025-03-05T13:55:15","slug":"legal-notice","status":"publish","type":"page","link":"https:\/\/cloop.ch\/en\/legal-notice\/","title":{"rendered":"Terms of use"},"content":{"rendered":"<div data-elementor-type=\"wp-page\" data-elementor-id=\"1909\" class=\"elementor elementor-1909\" data-elementor-post-type=\"page\">\n\t\t\t\t<div class=\"elementor-element elementor-element-aac53c6 e-flex e-con-boxed e-con e-parent\" data-id=\"aac53c6\" data-element_type=\"container\" data-settings=\"{&quot;jet_parallax_layout_list&quot;:[]}\">\n\t\t\t\t\t<div class=\"e-con-inner\">\n\t\t\t\t<div class=\"elementor-element elementor-element-cf73b16 elementor-widget elementor-widget-heading\" data-id=\"cf73b16\" data-element_type=\"widget\" data-widget_type=\"heading.default\">\n\t\t\t\t<div class=\"elementor-widget-container\">\n\t\t\t\t\t<h1 class=\"elementor-heading-title elementor-size-default\">Terms of use<\/h1>\t\t\t\t<\/div>\n\t\t\t\t<\/div>\n\t\t\t\t<div class=\"elementor-element elementor-element-b995d4b elementor-widget elementor-widget-text-editor\" data-id=\"b995d4b\" data-element_type=\"widget\" data-widget_type=\"text-editor.default\">\n\t\t\t\t<div class=\"elementor-widget-container\">\n\t\t\t\t\t\t\t\t\t<p><strong><em>This version is effective as of 05.03.25.<\/em><\/strong><\/p><p><strong>Company\u00a0<\/strong>: Cloop<\/p><p><strong>Identity\u00a0<\/strong>: Blerim Morina<\/p><p><strong>Address<\/strong> Chemin de pr\u00e9-vert 2, 1630 Bulle - Switzerland<\/p><p><strong>E-mail address\u00a0<\/strong>: <a href=\"mailto:blerim.morina@cloop.ch\">blerim.morina@cloop.ch<\/a><\/p><div class=\"row row--dense\"><div class=\"flex-grow-0 col\">\u00a0<\/div><\/div><p>\u00a0<\/p>\t\t\t\t\t\t\t\t<\/div>\n\t\t\t\t<\/div>\n\t\t\t\t\t<\/div>\n\t\t\t\t<\/div>\n\t\t\t\t<\/div>","protected":false},"excerpt":{"rendered":"<p>Mentions l\u00e9gales Cette version prend effet \u00e0 compter du 05.03.25. Soci\u00e9t\u00e9\u00a0: Cloop Identit\u00e9\u00a0: Blerim Morina Adresse : Chemin de pr\u00e9-vert 2, 1630 Bulle &#8211; Suisse Adresse e-mail\u00a0: blerim.morina@cloop.ch \u00a0 \u00a0<\/p>","protected":false},"author":1,"featured_media":0,"parent":0,"menu_order":0,"comment_status":"closed","ping_status":"closed","template":"","meta":{"footnotes":""},"class_list":["post-1909","page","type-page","status-publish","hentry"],"_links":{"self":[{"href":"https:\/\/cloop.ch\/en\/wp-json\/wp\/v2\/pages\/1909","targetHints":{"allow":["GET"]}}],"collection":[{"href":"https:\/\/cloop.ch\/en\/wp-json\/wp\/v2\/pages"}],"about":[{"href":"https:\/\/cloop.ch\/en\/wp-json\/wp\/v2\/types\/page"}],"author":[{"embeddable":true,"href":"https:\/\/cloop.ch\/en\/wp-json\/wp\/v2\/users\/1"}],"replies":[{"embeddable":true,"href":"https:\/\/cloop.ch\/en\/wp-json\/wp\/v2\/comments?post=1909"}],"version-history":[{"count":4,"href":"https:\/\/cloop.ch\/en\/wp-json\/wp\/v2\/pages\/1909\/revisions"}],"predecessor-version":[{"id":1915,"href":"https:\/\/cloop.ch\/en\/wp-json\/wp\/v2\/pages\/1909\/revisions\/1915"}],"wp:attachment":[{"href":"https:\/\/cloop.ch\/en\/wp-json\/wp\/v2\/media?parent=1909"}],"curies":[{"name":"wp","href":"https:\/\/api.w.org\/{rel}","templated":true}]}}