{"id":30076,"date":"2025-06-06T20:59:47","date_gmt":"2025-06-06T20:59:47","guid":{"rendered":"https:\/\/cloop.ch\/produit\/chaussures-de-sport-decontracte-a-lacets-pour-femmes\/"},"modified":"2025-06-06T20:59:58","modified_gmt":"2025-06-06T20:59:58","slug":"decontracting-schnurschuhe-fur-frauen","status":"publish","type":"product","link":"https:\/\/cloop.ch\/de\/produkt\/decontracting-schnurschuhe-fur-frauen\/","title":{"rendered":"L\u00e4ssige Sportschuhe mit Schn\u00fcrsenkeln f\u00fcr Frauen"},"content":{"rendered":"<h2>\n<h3>\n<h4>\n<h5>\n<ul>\n<li>Dies sind Alltagsschuhe im Fr\u00fchling und Sommer.<\/li>\n<\/ul>\n<\/h5>\n<\/h4>\n<\/h3>\n<\/h2>\n<h4>\n<ul>\n<li>Die rutschfeste Au\u00dfensohle f\u00fcr sichere Schritte k\u00f6nnte idealerweise Ihr Vertrauen in jeden Schritt bringen.<\/li>\n<\/ul>\n<ul>\n<li>Das kreative Design der Schuhe l\u00e4sst Sie charmanter und attraktiver wirken.<\/li>\n<\/ul>\n<ul>\n<li>Diese modischen Schuhe passen gut zu allen Arten von Kleidung, so dass Sie einen neuen Look bekommen k\u00f6nnen.<\/li>\n<\/ul>\n<ul>\n<li>Einfach zu setzen und zu Fu\u00df, ist es auch ein bestes Geschenk an die Tochter, Geliebte, Freund oder Kollege<\/li>\n<\/ul>\n<\/h4>\n<p><span class=\"offer-attr-item-value\" style=\"margin: 0px;padding: 0px 20px 0px 0px;flex: 1 1 0%;overflow: hidden\"><\/span><\/p>\n<p><img decoding=\"async\" class=\"desc-img-loaded\" src=\"https:\/\/shopifyfile.oss-accelerate.aliyuncs.com\/attached\/pingtai\/202411\/A8D032D2D1313B6AF75F0E874B27F4D6.jpg\" alt=\"undefined\"><\/p>\n<p style=\"text-align: center\">\n<p><img fetchpriority=\"high\" decoding=\"async\" alt=\"undefined\" src=\"https:\/\/shopifyfile.oss-accelerate.aliyuncs.com\/attached\/pingtai\/202411\/57721F7F9C9B9AE36A7939D677C2E6DA.jpg\" width=\"790\" height=\"790\"><\/p>\n<p><img decoding=\"async\" src=\"https:\/\/shopifyfile.oss-accelerate.aliyuncs.com\/attached\/pingtai\/202411\/22269E2B4E6C1936847983969FC13343.jpg\" alt=\"undefined\" width=\"790\" height=\"790\"><\/p>\n<p><img decoding=\"async\" src=\"https:\/\/shopifyfile.oss-accelerate.aliyuncs.com\/attached\/pingtai\/202411\/7B32BAF9000A616453D6A04D097A18A0.jpg\" alt=\"undefined\" width=\"790\" height=\"790\"><\/p>\n<p><img loading=\"lazy\" decoding=\"async\" src=\"https:\/\/shopifyfile.oss-accelerate.aliyuncs.com\/attached\/pingtai\/202411\/64DCE9EEE29FB928C88515749F11DE18.jpg\" alt=\"undefined\" width=\"790\" height=\"790\"><\/p>\n<p><img loading=\"lazy\" decoding=\"async\" src=\"https:\/\/shopifyfile.oss-accelerate.aliyuncs.com\/attached\/pingtai\/202411\/C81F976D75A6B2055E54F4D94707D34C.jpg\" alt=\"undefined\" width=\"790\" height=\"790\"><\/p>\n<p><img loading=\"lazy\" decoding=\"async\" src=\"https:\/\/shopifyfile.oss-accelerate.aliyuncs.com\/attached\/pingtai\/202411\/5079CA23D1B280C99E89B14AA57B0E30.jpg\" alt=\"undefined\" width=\"790\" height=\"790\"><\/p>\n<p>&nbsp;<\/p>\n<p>&nbsp; &nbsp; &nbsp; &nbsp; &nbsp; &nbsp; &nbsp; &nbsp; &nbsp;<\/p>","protected":false},"excerpt":{"rendered":"<p>Dies sind Alltagsschuhe im Fr\u00fchling und Sommer. Die rutschfeste Au\u00dfensohle f\u00fcr sichere Schritte k\u00f6nnte idealerweise Ihr Vertrauen in jeden Schritt bringen. Das kreative Design der Schuhe wird Sie charmant und attraktiv machen. Diese modischen Schuhe passen gut zu allen Arten von Kleidung, so dass Sie eine neue [...].<\/p>","protected":false},"featured_media":29965,"comment_status":"open","ping_status":"closed","template":"","meta":[],"product_brand":[],"product_cat":[117],"product_tag":[],"class_list":{"0":"post-30076","1":"product","2":"type-product","3":"status-publish","4":"has-post-thumbnail","6":"product_cat-nouveautes","8":"first","9":"instock","10":"taxable","11":"shipping-taxable","12":"purchasable","13":"product-type-variable"},"_links":{"self":[{"href":"https:\/\/cloop.ch\/de\/wp-json\/wp\/v2\/product\/30076","targetHints":{"allow":["GET"]}}],"collection":[{"href":"https:\/\/cloop.ch\/de\/wp-json\/wp\/v2\/product"}],"about":[{"href":"https:\/\/cloop.ch\/de\/wp-json\/wp\/v2\/types\/product"}],"replies":[{"embeddable":true,"href":"https:\/\/cloop.ch\/de\/wp-json\/wp\/v2\/comments?post=30076"}],"wp:featuredmedia":[{"embeddable":true,"href":"https:\/\/cloop.ch\/de\/wp-json\/wp\/v2\/media\/29965"}],"wp:attachment":[{"href":"https:\/\/cloop.ch\/de\/wp-json\/wp\/v2\/media?parent=30076"}],"wp:term":[{"taxonomy":"product_brand","embeddable":true,"href":"https:\/\/cloop.ch\/de\/wp-json\/wp\/v2\/product_brand?post=30076"},{"taxonomy":"product_cat","embeddable":true,"href":"https:\/\/cloop.ch\/de\/wp-json\/wp\/v2\/product_cat?post=30076"},{"taxonomy":"product_tag","embeddable":true,"href":"https:\/\/cloop.ch\/de\/wp-json\/wp\/v2\/product_tag?post=30076"}],"curies":[{"name":"wp","href":"https:\/\/api.w.org\/{rel}","templated":true}]}}