{"id":27931,"date":"2025-05-30T14:47:14","date_gmt":"2025-05-30T14:47:14","guid":{"rendered":"https:\/\/cloop.ch\/produit\/factory-wholesale-youth-style-maten-boot-mens-canvas-trendy-casual-sport-shoes-leather-sneakers-for-men-dress-shoes-oxford\/"},"modified":"2025-05-30T14:51:59","modified_gmt":"2025-05-30T14:51:59","slug":"factory-wholesale-youth-style-maten-boot-mens-canvas-trendy-casual-sport-shoes-leather-sneakers-for-men-dress-shoes-oxford","status":"publish","type":"product","link":"https:\/\/cloop.ch\/de\/produkt\/factory-wholesale-youth-style-maten-boot-mens-canvas-trendy-casual-sport-shoes-leather-sneakers-for-men-dress-shoes-oxford\/","title":{"rendered":"Trendy Factory-Schuhe f\u00fcr M\u00e4nner"},"content":{"rendered":"<div>\n<div>\n<div>Zeigen Sie Ihren Stil mit diesen kn\u00f6chelhohen Schuhen f\u00fcr M\u00e4nner, die ein modernes, urbanes Design haben. Die Mischung aus Canvas und Kunstleder vereint Komfort und Charakter. Sie sind perfekt f\u00fcr einen l\u00e4ssigen, aber dennoch selbstbewussten Look und in den Farben Schwarz, Blau oder Braun von Gr\u00f6\u00dfe 39 bis 47 erh\u00e4ltlich.<\/div>\n<\/div>\n<div>\n<div>\n<div>\n<div>\n<div>\n<div>\n<div>&nbsp;<\/div>\n<\/div>\n<\/div>\n<\/div>\n<\/div>\n<\/div>\n<\/div>\n<\/div>","protected":false},"excerpt":{"rendered":"<p>Zeigen Sie Ihren Stil mit diesen kn\u00f6chelhohen Schuhen f\u00fcr M\u00e4nner, die ein modernes, urbanes Design haben. Die Mischung aus Canvas und Kunstleder vereint Komfort und Charakter. Sie sind perfekt f\u00fcr einen l\u00e4ssigen, aber dennoch selbstbewussten Look und in den Farben Schwarz, Blau oder Braun von Gr\u00f6\u00dfe 39 bis 47 erh\u00e4ltlich. &nbsp;<\/p>","protected":false},"featured_media":27933,"comment_status":"open","ping_status":"closed","template":"","meta":[],"product_brand":[],"product_cat":[503],"product_tag":[],"class_list":{"0":"post-27931","1":"product","2":"type-product","3":"status-publish","4":"has-post-thumbnail","6":"product_cat-chaussures-pour-hommes","8":"first","9":"instock","10":"taxable","11":"shipping-taxable","12":"purchasable","13":"product-type-simple"},"_links":{"self":[{"href":"https:\/\/cloop.ch\/de\/wp-json\/wp\/v2\/product\/27931","targetHints":{"allow":["GET"]}}],"collection":[{"href":"https:\/\/cloop.ch\/de\/wp-json\/wp\/v2\/product"}],"about":[{"href":"https:\/\/cloop.ch\/de\/wp-json\/wp\/v2\/types\/product"}],"replies":[{"embeddable":true,"href":"https:\/\/cloop.ch\/de\/wp-json\/wp\/v2\/comments?post=27931"}],"wp:featuredmedia":[{"embeddable":true,"href":"https:\/\/cloop.ch\/de\/wp-json\/wp\/v2\/media\/27933"}],"wp:attachment":[{"href":"https:\/\/cloop.ch\/de\/wp-json\/wp\/v2\/media?parent=27931"}],"wp:term":[{"taxonomy":"product_brand","embeddable":true,"href":"https:\/\/cloop.ch\/de\/wp-json\/wp\/v2\/product_brand?post=27931"},{"taxonomy":"product_cat","embeddable":true,"href":"https:\/\/cloop.ch\/de\/wp-json\/wp\/v2\/product_cat?post=27931"},{"taxonomy":"product_tag","embeddable":true,"href":"https:\/\/cloop.ch\/de\/wp-json\/wp\/v2\/product_tag?post=27931"}],"curies":[{"name":"wp","href":"https:\/\/api.w.org\/{rel}","templated":true}]}}