{"id":27657,"date":"2025-05-30T09:21:45","date_gmt":"2025-05-30T09:21:45","guid":{"rendered":"https:\/\/cloop.ch\/produit\/new-mens-casual-shoes-board-running-shoes-men-wholesale-white-shoe-sneakers-for-men\/"},"modified":"2025-05-30T09:30:25","modified_gmt":"2025-05-30T09:30:25","slug":"new-mens-casual-shoes-board-running-shoes-men-wholesale-white-shoe-sneakers-for-men","status":"publish","type":"product","link":"https:\/\/cloop.ch\/de\/produkt\/new-mens-casual-shoes-board-running-shoes-men-wholesale-white-shoe-sneakers-for-men\/","title":{"rendered":"Casual Sneakers f\u00fcr M\u00e4nner"},"content":{"rendered":"<div>\n<div>\n<div>Best Selli<\/div>\n<\/div>\n<div>\n<div>Produkt Beschreibung<\/div>\n<\/div>\n<div>\n<div>\n<div>\n<div>\n<div>\n<div>New men's casual shoes board running shoes men wholesale white shoe sneakers for men<\/div>\n<\/div>\n<\/div>\n<\/div>\n<\/div>\n<\/div>\n<div>\n<div>Zertifikat<\/div>\n<\/div>\n<div>\n<div>\n<div>\n<div>\n<div>\n<div>\n<p>&nbsp;<\/p>\n<ul>\n<li>Zertifikat Einf\u00fchrung<\/li>\n<\/ul>\n<p>&nbsp;<\/p>\n<\/div>\n<\/div>\n<\/div>\n<div>\n<div>\n<div>\n<p>&nbsp;<\/p>\n<ul>\n<li>Zertifikat Einf\u00fchrung<\/li>\n<\/ul>\n<p>&nbsp;<\/p>\n<\/div>\n<\/div>\n<\/div>\n<div>\n<div>\n<div>Zertifikat Einf\u00fchrung<\/div>\n<\/div>\n<\/div>\n<\/div>\n<\/div>\n<\/div>\n<div>\n<div>Packing &amp; Delivery<\/div>\n<\/div>\n<div>\n<div>\n<div>\n<div>\n<div>\n<div>Semi-Automatic PET Bottle Blowing Machine Bottle Making Machine Bottle Moulding Machine PET Bottle Making Machine ist geeignet f\u00fcr die Herstellung von PET-Kunststoffbeh\u00e4ltern und Flaschen in allen Formen.<\/div>\n<\/div>\n<\/div>\n<\/div>\n<\/div>\n<\/div>\n<div>\n<div>Company Einf\u00fchrung<\/div>\n<\/div>\n<div>\n<div>\n<div>\n<div>\n<div>\n<div>Yiwu Xinyu befindet sich in Yiwu City, Zhejiang Province, Chin.Our company is a professional garment manufacturer and wholesaler. We<br \/>\nhaben 10 Jahre Berufserfahrung im Design, der Entwicklung und dem Produktionsprozess von amerikanischen und<br \/>\neurop\u00e4ischen Modem\u00e4rkten. Unsere Designer haben die M\u00f6glichkeit, die neuesten Stoffe zu kaufen. Und Zubeh\u00f6r, um Stile zu kreieren, diese<br \/>\nModetrends werden in Paris und New York gezeigt. Eine neue Generation von Frauen, die sich jeden Tag Mode leisten k\u00f6nnen, sind bestrebt<br \/>\nein neues Selbstbild schaffen. Wir k\u00f6nnen eine Vielzahl von Stilen herstellen, je nachdem, welchen Stoff, welche Mode oder welches Format Sie ben\u00f6tigen, einschlie\u00dflich:<br \/>\nSportswear, Strampler, gewebte Jacken, Sweatshirts und alles andere, was Sie vielleicht wollen.<\/div>\n<\/div>\n<\/div>\n<\/div>\n<\/div>\n<\/div>\n<div>\n<div>FAQ<\/div>\n<\/div>\n<div>\n<div>\n<div>\n<div>\n<div>\n<div>Semi-Automatic PET Bottle Blowing Machine Bottle Making Machine Bottle Moulding Machine PET Bottle Making Machine ist geeignet f\u00fcr die Herstellung von PET-Kunststoffbeh\u00e4ltern und Flaschen in allen Formen.<\/div>\n<\/div>\n<\/div>\n<\/div>\n<\/div>\n<\/div>\n<\/div>","protected":false},"excerpt":{"rendered":"<p>Best Selli Product Description New men&rsquo;s casual shoes board running shoes men wholesale white shoe sneakers for men Certificate &nbsp; Certificate introduction &nbsp; &nbsp; Certificate introduction &nbsp; Certificate introduction Packing &amp; Delivery Semi-Automatic PET Bottle Blowing Machine Bottle Making Machine Bottle Moulding Machine PET Bottle Making Machine is suitable for producing PET plastic containers and [&hellip;]<\/p>","protected":false},"featured_media":27658,"comment_status":"open","ping_status":"closed","template":"","meta":[],"product_brand":[],"product_cat":[117],"product_tag":[],"class_list":{"0":"post-27657","1":"product","2":"type-product","3":"status-publish","4":"has-post-thumbnail","6":"product_cat-nouveautes","8":"first","9":"instock","10":"taxable","11":"shipping-taxable","12":"purchasable","13":"product-type-simple"},"_links":{"self":[{"href":"https:\/\/cloop.ch\/de\/wp-json\/wp\/v2\/product\/27657","targetHints":{"allow":["GET"]}}],"collection":[{"href":"https:\/\/cloop.ch\/de\/wp-json\/wp\/v2\/product"}],"about":[{"href":"https:\/\/cloop.ch\/de\/wp-json\/wp\/v2\/types\/product"}],"replies":[{"embeddable":true,"href":"https:\/\/cloop.ch\/de\/wp-json\/wp\/v2\/comments?post=27657"}],"wp:featuredmedia":[{"embeddable":true,"href":"https:\/\/cloop.ch\/de\/wp-json\/wp\/v2\/media\/27658"}],"wp:attachment":[{"href":"https:\/\/cloop.ch\/de\/wp-json\/wp\/v2\/media?parent=27657"}],"wp:term":[{"taxonomy":"product_brand","embeddable":true,"href":"https:\/\/cloop.ch\/de\/wp-json\/wp\/v2\/product_brand?post=27657"},{"taxonomy":"product_cat","embeddable":true,"href":"https:\/\/cloop.ch\/de\/wp-json\/wp\/v2\/product_cat?post=27657"},{"taxonomy":"product_tag","embeddable":true,"href":"https:\/\/cloop.ch\/de\/wp-json\/wp\/v2\/product_tag?post=27657"}],"curies":[{"name":"wp","href":"https:\/\/api.w.org\/{rel}","templated":true}]}}