{"id":1943,"date":"2025-03-27T09:11:29","date_gmt":"2025-03-27T09:11:29","guid":{"rendered":"http:\/\/cloop.ch\/?page_id=1943"},"modified":"2025-03-27T09:37:26","modified_gmt":"2025-03-27T09:37:26","slug":"allgemeine-geschaftsbedingungen","status":"publish","type":"page","link":"https:\/\/cloop.ch\/de\/allgemeine-geschaftsbedingungen\/","title":{"rendered":"Allgemeine Gesch\u00e4ftsbedingungen"},"content":{"rendered":"<div data-elementor-type=\"wp-page\" data-elementor-id=\"1943\" class=\"elementor elementor-1943\" data-elementor-post-type=\"page\">\n\t\t\t\t<div class=\"elementor-element elementor-element-0b48793 e-flex e-con-boxed e-con e-parent\" data-id=\"0b48793\" data-element_type=\"container\" data-settings=\"{&quot;jet_parallax_layout_list&quot;:[]}\">\n\t\t\t\t\t<div class=\"e-con-inner\">\n\t\t\t\t<div class=\"elementor-element elementor-element-a27e6b2 elementor-widget elementor-widget-heading\" data-id=\"a27e6b2\" data-element_type=\"widget\" data-widget_type=\"heading.default\">\n\t\t\t\t<div class=\"elementor-widget-container\">\n\t\t\t\t\t<h1 class=\"elementor-heading-title elementor-size-default\">Allgemeine Gesch\u00e4ftsbedingungen<\/h1>\t\t\t\t<\/div>\n\t\t\t\t<\/div>\n\t\t\t\t<div class=\"elementor-element elementor-element-784192e elementor-widget elementor-widget-text-editor\" data-id=\"784192e\" data-element_type=\"widget\" data-widget_type=\"text-editor.default\">\n\t\t\t\t<div class=\"elementor-widget-container\">\n\t\t\t\t\t\t\t\t\t<h2>Artikel 1. Gegenstand<\/h2><p>Die vorliegenden Verkaufsbedingungen sollen die vertraglichen Beziehungen zwischen Cloop und dem K\u00e4ufer sowie die Bedingungen, die f\u00fcr jeden \u00fcber die Website www.cloop.ch get\u00e4tigten Kauf gelten, festlegen. Der Kauf eines Produkts \u00fcber diese Website bedeutet, dass der K\u00e4ufer die vorliegenden AGB vorbehaltlos akzeptiert und best\u00e4tigt, sie vor der Bestellung gelesen zu haben. Der K\u00e4ufer erkl\u00e4rt, dass der Kauf f\u00fcr den pers\u00f6nlichen Gebrauch bestimmt ist, ohne direkten Zusammenhang mit einer beruflichen T\u00e4tigkeit, und best\u00e4tigt, dass er die Rechtsf\u00e4higkeit besitzt, sich zu verpflichten. Cloop beh\u00e4lt sich das Recht vor, die vorliegenden Bedingungen jederzeit zu \u00e4ndern, um neuen Vorschriften zu entsprechen oder die Nutzererfahrung zu verbessern. Es gelten die zum Zeitpunkt der Bestellung g\u00fcltigen Bedingungen.<\/p><h2>Artikel 2. Produkte<\/h2><p>Die angebotenen Produkte sind die auf der Website www.cloop.ch beschriebenen Produkte, solange der Vorrat reicht. Cloop beh\u00e4lt sich das Recht vor, das Produktsortiment jederzeit zu \u00e4ndern. Jedes Produkt wird mit einer detaillierten Beschreibung vorgestellt. Die Abbildungen sind nicht vertraglich bindend. Der Verkauf steht allen L\u00e4ndern offen, die die Einreise dieser Produkte rechtlich akzeptieren.<\/p><h2>Artikel 3. Tarife<\/h2><p>Die Preise sind in Schweizer Franken (CHF) und in Euro (\u20ac) angegeben, inklusive aller Steuern (TTC), einschlie\u00dflich der am Tag der Bestellung geltenden Mehrwertsteuer. Cloop beh\u00e4lt sich das Recht vor, seine Preise jederzeit zu \u00e4ndern, verpflichtet sich jedoch, die zum Zeitpunkt der Bestellung angezeigte Preisliste anzuwenden. Die Versandkosten werden vor Best\u00e4tigung der Bestellung angegeben. Die Standardlieferung ist f\u00fcr jede Bestellung kostenlos. F\u00fcr eine Expresslieferung wird eine Pauschale von 9.95 CHF\/\u20ac inkl. MwSt. erhoben.<\/p><h2>Artikel 4. Bestellung und Zahlungsmodalit\u00e4ten<\/h2><p>Um eine Bestellung aufzugeben, muss der K\u00e4ufer ein Konto auf www.cloop.ch einrichten. Es stehen mehrere Zahlungsoptionen zur Verf\u00fcgung: - Sichere Zahlung per Kreditkarte (\u00fcber saferpay) oder (\u00fcber Stripe) - Zahlung \u00fcber Paypal - Twint-Zahlung (f\u00fcr die Schweiz). Der Bestellvorgang erm\u00f6glicht es dem K\u00e4ufer, seine Auswahl zu best\u00e4tigen, die Lieferkosten zu \u00fcberpr\u00fcfen, die AGB zu akzeptieren und dann den Kauf abzuschlie\u00dfen. Jede best\u00e4tigte Bestellung gilt als Kaufvertrag. Eine Best\u00e4tigung per E-Mail wird automatisch versendet. Bei Fragen kann Cloop per E-Mail unter [contact@cloop.ch] oder [info@cloop.ch] kontaktiert werden.<\/p><h2>Artikel 5. Eigentumsvorbehalt<\/h2><p>Die Produkte bleiben bis zur vollst\u00e4ndigen Bezahlung Eigentum von Cloop.<\/p><h2>Artikel 6. Widerruf<\/h2><p>Gem\u00e4\u00df der geltenden Gesetzgebung kann der K\u00e4ufer innerhalb von 14 Werktagen nach Erhalt der Ware von seinem Widerrufsrecht Gebrauch machen, ohne Angabe von Gr\u00fcnden und sofern das Produkt nicht benutzt wurde. Die Kosten f\u00fcr die R\u00fccksendung tr\u00e4gt der K\u00e4ufer.<\/p><h2>Artikel 7. Lieferung<\/h2><p>Die Lieferungen werden je nach Region von La Poste, Colissimo oder DHL durchgef\u00fchrt. Die Pakete werden mit einer Trackingnummer ausgeliefert. Bei einer \u00dcberschreitung von 30 Tagen kann die Bestellung storniert und der Betrag zur\u00fcckerstattet werden. Der K\u00e4ufer muss den Zustand des Pakets bei Erhalt \u00fcberpr\u00fcfen. Reklamationen m\u00fcssen innerhalb von 3 Tagen beim Spediteur geltend gemacht werden.<\/p><h2>Artikel 8. Garantie<\/h2><p>F\u00fcr alle Produkte gilt die gesetzliche Garantie gegen versteckte M\u00e4ngel. R\u00fccksendungen wegen M\u00e4ngeln m\u00fcssen innerhalb von 30 Tagen nach Erhalt schriftlich gemeldet werden an : [contact@cloop.ch].<\/p><h2>Artikel 9. Verantwortlichkeit<\/h2><p>Cloop \u00fcbernimmt keine Verantwortung f\u00fcr Vorf\u00e4lle, die mit der Nutzung des Internets verbunden sind: Datenverlust, Hacking, Viren usw. Seine Verpflichtung ist eine Verpflichtung der Mittel.<\/p><h2>Artikel 10. Geistiges Eigentum<\/h2><p>Der gesamte Inhalt der Website www.cloop.ch ist das ausschlie\u00dfliche Eigentum von Cloop. Jegliche Vervielf\u00e4ltigung, auch auszugsweise, ist ohne schriftliche Genehmigung untersagt.<\/p><h2>Artikel 11. Pers\u00f6nliche Daten<\/h2><p>Cloop verpflichtet sich, die pers\u00f6nlichen Daten seiner Nutzer zu sch\u00fctzen. In \u00dcbereinstimmung mit dem schweizerischen und europ\u00e4ischen Datenschutzgesetz kann der K\u00e4ufer jederzeit per E-Mail oder Brief den Zugang, die \u00c4nderung oder die L\u00f6schung seiner Informationen verlangen.<\/p>\t\t\t\t\t\t\t\t<\/div>\n\t\t\t\t<\/div>\n\t\t\t\t\t<\/div>\n\t\t\t\t<\/div>\n\t\t\t\t<\/div>","protected":false},"excerpt":{"rendered":"<p>Conditions g\u00e9n\u00e9rales de vente Article 1. Objet Les pr\u00e9sentes conditions de vente visent \u00e0 d\u00e9finir les relations contractuelles entre Cloop et l\u2019acheteur ainsi que les conditions applicables \u00e0 tout achat effectu\u00e9 par le biais du site www.cloop.ch. L\u2019achat d\u2019un produit via ce site implique une acceptation sans r\u00e9serve par l\u2019acheteur des pr\u00e9sentes CGV, qu\u2019il reconna\u00eet [&hellip;]<\/p>","protected":false},"author":1,"featured_media":0,"parent":0,"menu_order":0,"comment_status":"closed","ping_status":"closed","template":"","meta":{"footnotes":""},"class_list":["post-1943","page","type-page","status-publish","hentry"],"_links":{"self":[{"href":"https:\/\/cloop.ch\/de\/wp-json\/wp\/v2\/pages\/1943","targetHints":{"allow":["GET"]}}],"collection":[{"href":"https:\/\/cloop.ch\/de\/wp-json\/wp\/v2\/pages"}],"about":[{"href":"https:\/\/cloop.ch\/de\/wp-json\/wp\/v2\/types\/page"}],"author":[{"embeddable":true,"href":"https:\/\/cloop.ch\/de\/wp-json\/wp\/v2\/users\/1"}],"replies":[{"embeddable":true,"href":"https:\/\/cloop.ch\/de\/wp-json\/wp\/v2\/comments?post=1943"}],"version-history":[{"count":16,"href":"https:\/\/cloop.ch\/de\/wp-json\/wp\/v2\/pages\/1943\/revisions"}],"predecessor-version":[{"id":1959,"href":"https:\/\/cloop.ch\/de\/wp-json\/wp\/v2\/pages\/1943\/revisions\/1959"}],"wp:attachment":[{"href":"https:\/\/cloop.ch\/de\/wp-json\/wp\/v2\/media?parent=1943"}],"curies":[{"name":"wp","href":"https:\/\/api.w.org\/{rel}","templated":true}]}}