{"id":18,"date":"2025-01-24T09:04:24","date_gmt":"2025-01-24T09:04:24","guid":{"rendered":"http:\/\/cloop.ch\/mon-compte\/"},"modified":"2025-03-04T13:49:09","modified_gmt":"2025-03-04T13:49:09","slug":"mein-konto","status":"publish","type":"page","link":"https:\/\/cloop.ch\/de\/mein-konto\/","title":{"rendered":"Mein Konto"},"content":{"rendered":"<div data-elementor-type=\"wp-page\" data-elementor-id=\"18\" class=\"elementor elementor-18\" data-elementor-post-type=\"page\">\n\t\t\t\t<div class=\"elementor-element elementor-element-823434a e-flex e-con-boxed e-con e-parent\" data-id=\"823434a\" data-element_type=\"container\" data-settings=\"{&quot;background_background&quot;:&quot;classic&quot;,&quot;jet_parallax_layout_list&quot;:[]}\">\n\t\t\t\t\t<div class=\"e-con-inner\">\n\t\t\t\t<div class=\"elementor-element elementor-element-e38767b e-my-account-tabs-vertical elementor-widget elementor-widget-woocommerce-my-account\" data-id=\"e38767b\" data-element_type=\"widget\" data-widget_type=\"woocommerce-my-account.default\">\n\t\t\t\t<div class=\"elementor-widget-container\">\n\t\t\t\t\t<div class=\"e-my-account-tab e-my-account-tab__\">\t\t\t<div class=\"woocommerce\"><\/div>\t\t<\/div>\n\t\t\t\t\t\t<\/div>\n\t\t\t\t<\/div>\n\t\t\t\t\t<\/div>\n\t\t\t\t<\/div>\n\t\t\t\t<\/div>","protected":false},"excerpt":{"rendered":"<p>Abmelden Dashboard Bestellungen Adressen Pers\u00f6nliche Informationen Abmelden Hallo e-media-management (Sie sind nicht e-media-management? Abmelden) \u00dcber das Dashboard Ihres Kontos k\u00f6nnen Sie Ihre letzten Bestellungen einsehen, Ihre Liefer- und Rechnungsadressen verwalten sowie Ihr Passwort und Ihre Kontodetails \u00e4ndern. Bestellungen Adressen Ihre Infos<\/p>","protected":false},"author":1,"featured_media":0,"parent":0,"menu_order":0,"comment_status":"closed","ping_status":"closed","template":"","meta":{"footnotes":""},"class_list":["post-18","page","type-page","status-publish","hentry"],"_links":{"self":[{"href":"https:\/\/cloop.ch\/de\/wp-json\/wp\/v2\/pages\/18","targetHints":{"allow":["GET"]}}],"collection":[{"href":"https:\/\/cloop.ch\/de\/wp-json\/wp\/v2\/pages"}],"about":[{"href":"https:\/\/cloop.ch\/de\/wp-json\/wp\/v2\/types\/page"}],"author":[{"embeddable":true,"href":"https:\/\/cloop.ch\/de\/wp-json\/wp\/v2\/users\/1"}],"replies":[{"embeddable":true,"href":"https:\/\/cloop.ch\/de\/wp-json\/wp\/v2\/comments?post=18"}],"version-history":[{"count":240,"href":"https:\/\/cloop.ch\/de\/wp-json\/wp\/v2\/pages\/18\/revisions"}],"predecessor-version":[{"id":1829,"href":"https:\/\/cloop.ch\/de\/wp-json\/wp\/v2\/pages\/18\/revisions\/1829"}],"wp:attachment":[{"href":"https:\/\/cloop.ch\/de\/wp-json\/wp\/v2\/media?parent=18"}],"curies":[{"name":"wp","href":"https:\/\/api.w.org\/{rel}","templated":true}]}}