{"id":16,"date":"2025-01-24T09:04:24","date_gmt":"2025-01-24T09:04:24","guid":{"rendered":"http:\/\/cloop.ch\/panier\/"},"modified":"2025-03-04T13:58:38","modified_gmt":"2025-03-04T13:58:38","slug":"korb","status":"publish","type":"page","link":"https:\/\/cloop.ch\/de\/korb\/","title":{"rendered":"Warenkorb"},"content":{"rendered":"<div data-elementor-type=\"wp-page\" data-elementor-id=\"16\" class=\"elementor elementor-16\" data-elementor-post-type=\"page\">\n\t\t\t\t<div class=\"elementor-element elementor-element-1720315f e-con-full elementor-hidden-mobile elementor-hidden-desktop elementor-hidden-tablet e-flex e-con e-parent\" data-id=\"1720315f\" data-element_type=\"container\" data-settings=\"{&quot;jet_parallax_layout_list&quot;:[]}\">\n\t\t\t\t<div class=\"elementor-element elementor-element-10b3eb0a elementor-widget elementor-widget-text-editor\" data-id=\"10b3eb0a\" data-element_type=\"widget\" data-widget_type=\"text-editor.default\">\n\t\t\t\t<div class=\"elementor-widget-container\">\n\t\t\t\t\t\t\t\t\t\n<div data-block-name=\"woocommerce\/cart\" class=\"wp-block-woocommerce-cart alignwide is-loading\">\n<div data-block-name=\"woocommerce\/filled-cart-block\" class=\"wp-block-woocommerce-filled-cart-block\">\n<div data-block-name=\"woocommerce\/cart-items-block\" class=\"wp-block-woocommerce-cart-items-block\">\n<div data-block-name=\"woocommerce\/cart-line-items-block\" class=\"wp-block-woocommerce-cart-line-items-block\">\u00a0<\/div>\n\n\n\n<div data-block-name=\"woocommerce\/cart-cross-sells-block\" class=\"wp-block-woocommerce-cart-cross-sells-block\">\n<h2 class=\"wp-block-heading has-large-font-size\">Das k\u00f6nnte Sie interessieren...<\/h2>\n\n\n\n<div data-block-name=\"woocommerce\/cart-cross-sells-products-block\" class=\"wp-block-woocommerce-cart-cross-sells-products-block\">\u00a0<\/div>\n<\/div>\n<\/div>\n\n\n\n<div data-block-name=\"woocommerce\/cart-totals-block\" class=\"wp-block-woocommerce-cart-totals-block\">\n<div data-block-name=\"woocommerce\/cart-order-summary-block\" class=\"wp-block-woocommerce-cart-order-summary-block\">\n<div data-block-name=\"woocommerce\/cart-order-summary-heading-block\" class=\"wp-block-woocommerce-cart-order-summary-heading-block\">\u00a0<\/div><div data-block-name=\"woocommerce\/cart-order-summary-coupon-form-block\" class=\"wp-block-woocommerce-cart-order-summary-coupon-form-block\">\u00a0<\/div><div data-block-name=\"woocommerce\/cart-order-summary-totals-block\" class=\"wp-block-woocommerce-cart-order-summary-totals-block\">\n<div data-block-name=\"woocommerce\/cart-order-summary-subtotal-block\" class=\"wp-block-woocommerce-cart-order-summary-subtotal-block\">\u00a0<\/div>\n<div data-block-name=\"woocommerce\/cart-order-summary-discount-block\" class=\"wp-block-woocommerce-cart-order-summary-discount-block\">\u00a0<\/div>\n<div data-block-name=\"woocommerce\/cart-order-summary-fee-block\" class=\"wp-block-woocommerce-cart-order-summary-fee-block\">\u00a0<\/div>\n<div data-block-name=\"woocommerce\/cart-order-summary-shipping-block\" class=\"wp-block-woocommerce-cart-order-summary-shipping-block\">\u00a0<\/div>\n<div data-block-name=\"woocommerce\/cart-order-summary-taxes-block\" class=\"wp-block-woocommerce-cart-order-summary-taxes-block\">\u00a0<\/div><\/div>\n<\/div>\n\n\n\n<div data-block-name=\"woocommerce\/cart-express-payment-block\" class=\"wp-block-woocommerce-cart-express-payment-block\">\u00a0<\/div>\n\n\n\n<div data-block-name=\"woocommerce\/proceed-to-checkout-block\" class=\"wp-block-woocommerce-proceed-to-checkout-block\">\u00a0<\/div>\n\n\n\n<div data-block-name=\"woocommerce\/cart-accepted-payment-methods-block\" class=\"wp-block-woocommerce-cart-accepted-payment-methods-block\">\u00a0<\/div>\n<\/div>\n<\/div>\n\n\n\n<div data-block-name=\"woocommerce\/empty-cart-block\" class=\"wp-block-woocommerce-empty-cart-block\">\n<h2 class=\"wp-block-heading has-text-align-center with-empty-cart-icon wc-block-cart__empty-cart__title\">Ihr Warenkorb ist derzeit leer!<\/h2>\n\n\n<hr class=\"wp-block-separator has-alpha-channel-opacity is-style-dots\" \/>\n\n\n<h2 class=\"wp-block-heading has-text-align-center\">Neu im Shop<\/h2>\n\n\n<div data-block-name=\"woocommerce\/product-new\" data-columns=\"4\" data-rows=\"1\" class=\"wc-block-grid wp-block-product-new wp-block-woocommerce-product-new wc-block-product-new has-4-columns\"><ul class=\"wc-block-grid__products\"><li class=\"wc-block-grid__product\">\n\t\t\t\t<a href=\"https:\/\/cloop.ch\/de\/produkt\/decontracting-schnurschuhe-fur-frauen\/\" class=\"wc-block-grid__product-link\">\n\t\t\t\t\t\n\t\t\t\t\t<div class=\"wc-block-grid__product-image\"><img fetchpriority=\"high\" decoding=\"async\" width=\"800\" height=\"800\" src=\"https:\/\/cloop.ch\/wp-content\/uploads\/2025\/06\/2A7B284BBD48B63F767CA33483D198A4-800x800.jpg\" class=\"attachment-woocommerce_thumbnail size-woocommerce_thumbnail\" alt=\"L\u00e4ssige Sportschuhe mit Schn\u00fcrsenkeln f\u00fcr Frauen\" srcset=\"https:\/\/cloop.ch\/wp-content\/uploads\/2025\/06\/2A7B284BBD48B63F767CA33483D198A4-800x800.jpg 800w, https:\/\/cloop.ch\/wp-content\/uploads\/2025\/06\/2A7B284BBD48B63F767CA33483D198A4-300x300.jpg 300w, https:\/\/cloop.ch\/wp-content\/uploads\/2025\/06\/2A7B284BBD48B63F767CA33483D198A4-1024x1024.jpg 1024w, https:\/\/cloop.ch\/wp-content\/uploads\/2025\/06\/2A7B284BBD48B63F767CA33483D198A4-150x150.jpg 150w, https:\/\/cloop.ch\/wp-content\/uploads\/2025\/06\/2A7B284BBD48B63F767CA33483D198A4-768x768.jpg 768w, https:\/\/cloop.ch\/wp-content\/uploads\/2025\/06\/2A7B284BBD48B63F767CA33483D198A4-12x12.jpg 12w, https:\/\/cloop.ch\/wp-content\/uploads\/2025\/06\/2A7B284BBD48B63F767CA33483D198A4-100x100.jpg 100w, https:\/\/cloop.ch\/wp-content\/uploads\/2025\/06\/2A7B284BBD48B63F767CA33483D198A4-64x64.jpg 64w, https:\/\/cloop.ch\/wp-content\/uploads\/2025\/06\/2A7B284BBD48B63F767CA33483D198A4.jpg 1080w\" sizes=\"(max-width: 800px) 100vw, 800px\" \/><\/div>\n\t\t\t\t\t<div class=\"wc-block-grid__product-title\">L\u00e4ssige Sportschuhe mit Schn\u00fcrsenkeln f\u00fcr Frauen<\/div>\n\t\t\t\t<\/a>\n\t\t\t\t<div class=\"wc-block-grid__product-price price\"><span class=\"woocs_price_code\" data-currency=\"\" data-redraw-id=\"69e4e1c01e4bb\" data-product-id=\"30076\"><span class=\"woocommerce-Price-amount amount\">39.90&nbsp;<span class=\"woocommerce-Price-currencySymbol\">\u20ac<\/span><\/span><\/span><\/div>\n\t\t\t\t\n\t\t\t\t<div class=\"wp-block-button wc-block-grid__product-add-to-cart\"><a href=\"https:\/\/cloop.ch\/de\/produkt\/decontracting-schnurschuhe-fur-frauen\/\" aria-label=\"W\u00e4hle Optionen f\u00fcr \u201eChaussures de Sport d\u00e9contract\u00e9 \u00e0 Lacets pour femmes\u201c\" data-quantity=\"1\" data-product_id=\"30076\" data-product_sku=\"\" data-price=\"39.9\" rel=\"nofollow\" class=\"wp-block-button__link  add_to_cart_button\" data-no-translation=\"\" data-trp-gettext=\"\" data-no-translation-aria-label=\"\">Ausf\u00fchrung w\u00e4hlen<\/a><\/div>\n\t\t\t<\/li><li class=\"wc-block-grid__product\">\n\t\t\t\t<a href=\"https:\/\/cloop.ch\/de\/produkt\/peep-toe-solid-color-sandals\/\" class=\"wc-block-grid__product-link\">\n\t\t\t\t\t\n\t\t\t\t\t<div class=\"wc-block-grid__product-image\"><img decoding=\"async\" width=\"800\" height=\"800\" src=\"https:\/\/cloop.ch\/wp-content\/uploads\/2025\/06\/766BAB63CA765D90526C3B07DFAB4E06-800x800.webp\" class=\"attachment-woocommerce_thumbnail size-woocommerce_thumbnail\" alt=\"Peep Toe Solid Color Sandals\" srcset=\"https:\/\/cloop.ch\/wp-content\/uploads\/2025\/06\/766BAB63CA765D90526C3B07DFAB4E06-800x800.webp 800w, https:\/\/cloop.ch\/wp-content\/uploads\/2025\/06\/766BAB63CA765D90526C3B07DFAB4E06-300x300.webp 300w, https:\/\/cloop.ch\/wp-content\/uploads\/2025\/06\/766BAB63CA765D90526C3B07DFAB4E06-150x150.webp 150w, https:\/\/cloop.ch\/wp-content\/uploads\/2025\/06\/766BAB63CA765D90526C3B07DFAB4E06-768x768.webp 768w, https:\/\/cloop.ch\/wp-content\/uploads\/2025\/06\/766BAB63CA765D90526C3B07DFAB4E06-12x12.webp 12w, https:\/\/cloop.ch\/wp-content\/uploads\/2025\/06\/766BAB63CA765D90526C3B07DFAB4E06-100x100.webp 100w, https:\/\/cloop.ch\/wp-content\/uploads\/2025\/06\/766BAB63CA765D90526C3B07DFAB4E06-64x64.webp 64w, https:\/\/cloop.ch\/wp-content\/uploads\/2025\/06\/766BAB63CA765D90526C3B07DFAB4E06.webp 1000w\" sizes=\"(max-width: 800px) 100vw, 800px\" \/><\/div>\n\t\t\t\t\t<div class=\"wc-block-grid__product-title\">Peep Toe Solid Color Sandals<\/div>\n\t\t\t\t<\/a>\n\t\t\t\t<div class=\"wc-block-grid__product-price price\"><span class=\"woocs_price_code\" data-currency=\"\" data-redraw-id=\"69e4e1c01eab6\" data-product-id=\"30065\"><span class=\"woocommerce-Price-amount amount\">25.42&nbsp;<span class=\"woocommerce-Price-currencySymbol\">\u20ac<\/span><\/span><\/span><\/div>\n\t\t\t\t\n\t\t\t\t<div class=\"wp-block-button wc-block-grid__product-add-to-cart\"><a href=\"https:\/\/cloop.ch\/de\/produkt\/peep-toe-solid-color-sandals\/\" aria-label=\"W\u00e4hle Optionen f\u00fcr \u201ePeep Toe Solid Color Sandals\u201c\" data-quantity=\"1\" data-product_id=\"30065\" data-product_sku=\"\" data-price=\"25.42\" rel=\"nofollow\" class=\"wp-block-button__link  add_to_cart_button\" data-no-translation=\"\" data-trp-gettext=\"\" data-no-translation-aria-label=\"\">Ausf\u00fchrung w\u00e4hlen<\/a><\/div>\n\t\t\t<\/li><li class=\"wc-block-grid__product\">\n\t\t\t\t<a href=\"https:\/\/cloop.ch\/de\/produkt\/breathable-mesh-lace-up-athletic\/\" class=\"wc-block-grid__product-link\">\n\t\t\t\t\t\n\t\t\t\t\t<div class=\"wc-block-grid__product-image\"><img decoding=\"async\" width=\"800\" height=\"800\" src=\"https:\/\/cloop.ch\/wp-content\/uploads\/2025\/06\/F8F37648F81E5A1A08BDADEFE4C446BE-800x800.webp\" class=\"attachment-woocommerce_thumbnail size-woocommerce_thumbnail\" alt=\"Breathable Mesh Lace Up Athletic\" srcset=\"https:\/\/cloop.ch\/wp-content\/uploads\/2025\/06\/F8F37648F81E5A1A08BDADEFE4C446BE-800x800.webp 800w, https:\/\/cloop.ch\/wp-content\/uploads\/2025\/06\/F8F37648F81E5A1A08BDADEFE4C446BE-300x300.webp 300w, https:\/\/cloop.ch\/wp-content\/uploads\/2025\/06\/F8F37648F81E5A1A08BDADEFE4C446BE-150x150.webp 150w, https:\/\/cloop.ch\/wp-content\/uploads\/2025\/06\/F8F37648F81E5A1A08BDADEFE4C446BE-768x768.webp 768w, https:\/\/cloop.ch\/wp-content\/uploads\/2025\/06\/F8F37648F81E5A1A08BDADEFE4C446BE-12x12.webp 12w, https:\/\/cloop.ch\/wp-content\/uploads\/2025\/06\/F8F37648F81E5A1A08BDADEFE4C446BE-100x100.webp 100w, https:\/\/cloop.ch\/wp-content\/uploads\/2025\/06\/F8F37648F81E5A1A08BDADEFE4C446BE-64x64.webp 64w, https:\/\/cloop.ch\/wp-content\/uploads\/2025\/06\/F8F37648F81E5A1A08BDADEFE4C446BE.webp 1000w\" sizes=\"(max-width: 800px) 100vw, 800px\" \/><\/div>\n\t\t\t\t\t<div class=\"wc-block-grid__product-title\">Breathable Mesh Lace Up Athletic<\/div>\n\t\t\t\t<\/a>\n\t\t\t\t<div class=\"wc-block-grid__product-price price\"><span class=\"woocs_price_code\" data-currency=\"\" data-redraw-id=\"69e4e1c01f05c\" data-product-id=\"30054\"><span class=\"woocommerce-Price-amount amount\">26.28&nbsp;<span class=\"woocommerce-Price-currencySymbol\">\u20ac<\/span><\/span><\/span><\/div>\n\t\t\t\t\n\t\t\t\t<div class=\"wp-block-button wc-block-grid__product-add-to-cart\"><a href=\"https:\/\/cloop.ch\/de\/produkt\/breathable-mesh-lace-up-athletic\/\" aria-label=\"W\u00e4hle Optionen f\u00fcr \u201eBreathable Mesh Lace Up Athletic\u201c\" data-quantity=\"1\" data-product_id=\"30054\" data-product_sku=\"\" data-price=\"26.28\" rel=\"nofollow\" class=\"wp-block-button__link  add_to_cart_button\" data-no-translation=\"\" data-trp-gettext=\"\" data-no-translation-aria-label=\"\">Ausf\u00fchrung w\u00e4hlen<\/a><\/div>\n\t\t\t<\/li><li class=\"wc-block-grid__product\">\n\t\t\t\t<a href=\"https:\/\/cloop.ch\/de\/produkt\/open-toe-platform-sandals\/\" class=\"wc-block-grid__product-link\">\n\t\t\t\t\t\n\t\t\t\t\t<div class=\"wc-block-grid__product-image\"><img loading=\"lazy\" decoding=\"async\" width=\"800\" height=\"800\" src=\"https:\/\/cloop.ch\/wp-content\/uploads\/2025\/06\/A8CCC2D287F36EBFB025B8B8CB98991B-800x800.webp\" class=\"attachment-woocommerce_thumbnail size-woocommerce_thumbnail\" alt=\"Open Toe Platform Sandals\" srcset=\"https:\/\/cloop.ch\/wp-content\/uploads\/2025\/06\/A8CCC2D287F36EBFB025B8B8CB98991B-800x800.webp 800w, https:\/\/cloop.ch\/wp-content\/uploads\/2025\/06\/A8CCC2D287F36EBFB025B8B8CB98991B-300x300.webp 300w, https:\/\/cloop.ch\/wp-content\/uploads\/2025\/06\/A8CCC2D287F36EBFB025B8B8CB98991B-150x150.webp 150w, https:\/\/cloop.ch\/wp-content\/uploads\/2025\/06\/A8CCC2D287F36EBFB025B8B8CB98991B-768x768.webp 768w, https:\/\/cloop.ch\/wp-content\/uploads\/2025\/06\/A8CCC2D287F36EBFB025B8B8CB98991B-12x12.webp 12w, https:\/\/cloop.ch\/wp-content\/uploads\/2025\/06\/A8CCC2D287F36EBFB025B8B8CB98991B-100x100.webp 100w, https:\/\/cloop.ch\/wp-content\/uploads\/2025\/06\/A8CCC2D287F36EBFB025B8B8CB98991B-64x64.webp 64w, https:\/\/cloop.ch\/wp-content\/uploads\/2025\/06\/A8CCC2D287F36EBFB025B8B8CB98991B.webp 1000w\" sizes=\"(max-width: 800px) 100vw, 800px\" \/><\/div>\n\t\t\t\t\t<div class=\"wc-block-grid__product-title\">Open Toe Platform Sandals<\/div>\n\t\t\t\t<\/a>\n\t\t\t\t<div class=\"wc-block-grid__product-price price\"><span class=\"woocs_price_code\" data-currency=\"\" data-redraw-id=\"69e4e1c01f59a\" data-product-id=\"30052\"><span class=\"woocommerce-Price-amount amount\">29.62&nbsp;<span class=\"woocommerce-Price-currencySymbol\">\u20ac<\/span><\/span><\/span><\/div>\n\t\t\t\t\n\t\t\t\t<div class=\"wp-block-button wc-block-grid__product-add-to-cart\"><a href=\"https:\/\/cloop.ch\/de\/produkt\/open-toe-platform-sandals\/\" aria-label=\"W\u00e4hle Optionen f\u00fcr \u201eOpen Toe Platform Sandals\u201c\" data-quantity=\"1\" data-product_id=\"30052\" data-product_sku=\"\" data-price=\"29.62\" rel=\"nofollow\" class=\"wp-block-button__link  add_to_cart_button\" data-no-translation=\"\" data-trp-gettext=\"\" data-no-translation-aria-label=\"\">Ausf\u00fchrung w\u00e4hlen<\/a><\/div>\n\t\t\t<\/li><\/ul><\/div><\/div>\n<\/div>\n\t\t\t\t\t\t\t\t<\/div>\n\t\t\t\t<\/div>\n\t\t\t\t<\/div>\n\t\t<div class=\"elementor-element elementor-element-efc0204 e-con-full e-flex e-con e-parent\" data-id=\"efc0204\" data-element_type=\"container\" data-settings=\"{&quot;jet_parallax_layout_list&quot;:[]}\">\n\t\t\t\t<div class=\"elementor-element elementor-element-c628c05 elementor-widget__width-inherit elementor-widget-tablet__width-inherit elementor-widget elementor-widget-heading\" data-id=\"c628c05\" data-element_type=\"widget\" data-widget_type=\"heading.default\">\n\t\t\t\t<div class=\"elementor-widget-container\">\n\t\t\t\t\t<h1 class=\"elementor-heading-title elementor-size-default\">Warenkorb<\/h1>\t\t\t\t<\/div>\n\t\t\t\t<\/div>\n\t\t\t\t<\/div>\n\t\t\t\t<\/div>","protected":false},"excerpt":{"rendered":"<p>Panier Supprimer l\u2019\u00e9l\u00e9ment Miniature Produit Prix Quantit\u00e9 Sous-total &times; Produit test &#67;&#72;&#70;&nbsp;180.00 quantit\u00e9 de Produit test &#67;&#72;&#70;&nbsp;360.00 &times; Chaussures brunes classiques &#67;&#72;&#70;&nbsp;20.00 quantit\u00e9 de Chaussures brunes classiques &#67;&#72;&#70;&nbsp;20.00 Appliquer le code promo Total Sous-total &#67;&#72;&#70;&nbsp;380.00 Exp\u00e9dition Free shipping Livraison \u00e0 Les Lammes, 4, 2825 Courchapoix. Modifier l\u2019adresse Pays\/r\u00e9gion\u00a0: S\u00e9lectionner un pays\/r\u00e9gion\u2026AfghanistanAfrique du Sud\u00c5land IslandsAlbanieAlg\u00e9rieAllemagneAmerican SamoaAndorreAngolaAnguillaAntarctiqueAntigua-et-BarbudaArabie [&hellip;]<\/p>","protected":false},"author":1,"featured_media":0,"parent":0,"menu_order":0,"comment_status":"closed","ping_status":"closed","template":"","meta":{"footnotes":""},"class_list":["post-16","page","type-page","status-publish","hentry"],"_links":{"self":[{"href":"https:\/\/cloop.ch\/de\/wp-json\/wp\/v2\/pages\/16","targetHints":{"allow":["GET"]}}],"collection":[{"href":"https:\/\/cloop.ch\/de\/wp-json\/wp\/v2\/pages"}],"about":[{"href":"https:\/\/cloop.ch\/de\/wp-json\/wp\/v2\/types\/page"}],"author":[{"embeddable":true,"href":"https:\/\/cloop.ch\/de\/wp-json\/wp\/v2\/users\/1"}],"replies":[{"embeddable":true,"href":"https:\/\/cloop.ch\/de\/wp-json\/wp\/v2\/comments?post=16"}],"version-history":[{"count":100,"href":"https:\/\/cloop.ch\/de\/wp-json\/wp\/v2\/pages\/16\/revisions"}],"predecessor-version":[{"id":1870,"href":"https:\/\/cloop.ch\/de\/wp-json\/wp\/v2\/pages\/16\/revisions\/1870"}],"wp:attachment":[{"href":"https:\/\/cloop.ch\/de\/wp-json\/wp\/v2\/media?parent=16"}],"curies":[{"name":"wp","href":"https:\/\/api.w.org\/{rel}","templated":true}]}}